{"id":2106,"date":"2018-01-16T19:22:23","date_gmt":"2018-01-16T17:22:23","guid":{"rendered":"https:\/\/factorialhr.com\/blog\/?page_id=2106"},"modified":"2021-12-21T13:54:42","modified_gmt":"2021-12-21T11:54:42","slug":"plantillas-recursos-humanos","status":"publish","type":"page","link":"https:\/\/factorial.es\/blog\/plantillas-recursos-humanos\/","title":{"rendered":"Plantillas para recursos humanos &#8211; Descargables"},"content":{"rendered":"<p>Esta es nuestra secci\u00f3n dedicada a todo tipo de descargables que los profesionales de Recursos Humanos puedan necesitar. Aqu\u00ed encontrar\u00e1s todo tipo de recursos que puedas necesitar en la gesti\u00f3n de RR.HH. de tu empresa. Nuestro <strong>TOP plantillas<\/strong> incluye:<\/p>\n<p>\u2705Modelo de <strong>contrato de teletrabajo<\/strong><br \/>\n\u2705Plantilla de excel de recursos humanos gratis para <strong>gestionar las ausencias y vacaciones<\/strong> de empleados<br \/>\n\u2705Nuestro <strong>ebook gratuito<\/strong> \u00abTodo sobre la Retribuci\u00f3n Flexible\u00bb.<br \/>\n\u2705La plantilla gratis del <strong>modelo de n\u00f3mina<\/strong> est\u00e1ndar en Excel.<\/p>\n<p>Sin embargo, tambi\u00e9n puedes encontrar calendarios laborables y festivos con los que empezar a organizar el a\u00f1o, checklists para no olvidar ning\u00fan indispensable a la hora de realizar el onboarding de un nuevo empleado, ejemplos de contratos de todo tipo para que te ayuden a hacer crecer tu empresa \u00a1y mucho m\u00e1s!<\/p>\n<table style=\"height: 211px; width: 104%;\">\n<tbody>\n<tr>\n<td style=\"width: 32.7698%; text-align: center;\" bgcolor=\"c06af1\">\n<h2><strong><span style=\"color: #000000; font-size: 14pt;\"><a style=\"color: #000000;\" href=\"https:\/\/factorial.es\/ebooks\">Ebooks<\/a><\/span><\/strong><\/h2>\n<h2><a href=\"https:\/\/factorial.es\/ebooks\"><img decoding=\"async\" class=\"wp-image-2225 aligncenter\" src=\"https:\/\/factorial.es\/wp-content\/uploads\/2018\/01\/18135908\/ebooks.png\" alt=\"Descarga los mejores ebooks de retribuci\u00f3n flexible y rrhh\" width=\"120\" height=\"111\" \/><\/a><\/h2>\n<\/td>\n<td style=\"width: 33.1599%;\" bgcolor=\"ef8e59\">\n<h2 style=\"text-align: center;\"><strong><span style=\"color: #000000; font-size: 14pt;\"><a style=\"color: #000000;\" href=\"https:\/\/factorial.es\/blog\/checklists-plantillas-recursos-humanos-descargables-gratis-rrhh\/\">Checklists &amp; otros\u00a0<\/a><\/span><\/strong><\/h2>\n<h2 style=\"text-align: center;\"><a href=\"https:\/\/factorial.es\/blog\/checklists-plantillas-recursos-humanos-descargables-gratis-rrhh\/\"><img decoding=\"async\" class=\"aligncenter wp-image-2119\" src=\"https:\/\/factorial.es\/wp-content\/uploads\/2018\/01\/16180341\/Checklist.png\" alt=\"modelo para hacer n\u00f3minas\" width=\"120\" height=\"130\" \/><\/a><\/h2>\n<\/td>\n<td style=\"width: 32.7698%;\" bgcolor=\"5991ef\">\n<h2 style=\"text-align: center;\"><strong><span style=\"color: #000000; font-size: 14pt;\"><a style=\"color: #000000;\" href=\"https:\/\/factorial.es\/blog\/modelos-tipo-contrato-pdf-descargable\/\">Modelo de contrato<\/a><\/span><\/strong><\/h2>\n<p><a href=\"https:\/\/factorial.es\/blog\/modelos-tipo-contrato-pdf-descargable\/\"><img decoding=\"async\" class=\"aligncenter wp-image-2226\" src=\"https:\/\/factorial.es\/wp-content\/uploads\/2018\/01\/18135909\/gestor-documentos-contratos.png\" alt=\"Descarga modelos de contrato\" width=\"120\" height=\"141\" \/><\/a><\/td>\n<\/tr>\n<tr>\n<td style=\"width: 32.7698%; text-align: center;\" bgcolor=\"f3f61e\">\n<h2><strong><span style=\"color: #000000; font-size: 14pt;\"><a style=\"color: #000000;\" href=\"https:\/\/factorial.es\/blog\/gestion-de-ausencias-excel-descargable\">Plantillas de vacaciones<\/a><\/span><\/strong><\/h2>\n<p><a href=\"https:\/\/factorial.es\/blog\/gestion-de-ausencias-excel-descargable\"><img decoding=\"async\" class=\"aligncenter wp-image-46782\" src=\"https:\/\/factorial.es\/wp-content\/uploads\/2021\/05\/04090340\/vacaciones-ausencias-1.png\" alt=\"gestiona las vacaciones y ausencias de tus empleados\" width=\"148\" height=\"140\" \/><\/a><\/td>\n<td style=\"width: 33.1599%; text-align: center;\" bgcolor=\"59dcef\">\n<h2><\/h2>\n<h2><strong><span style=\"color: #000000; font-size: 14pt;\"><a style=\"color: #000000;\" href=\"https:\/\/factorial.es\/calendarios\">Calendarios laborales<\/a><\/span><\/strong><\/h2>\n<p><a href=\"https:\/\/factorial.es\/calendarios\"><img decoding=\"async\" class=\"aligncenter wp-image-46780\" src=\"https:\/\/factorial.es\/wp-content\/uploads\/2021\/05\/04085345\/calendario-festivos-1-300x300.png\" alt=\"Descarga los calendarios laborables y festivos de este a\u00f1o\" width=\"140\" height=\"140\" srcset=\"https:\/\/factorial.es\/wp-content\/uploads\/2021\/05\/04085345\/calendario-festivos-1-300x300.png 300w, https:\/\/factorial.es\/wp-content\/uploads\/2021\/05\/04085345\/calendario-festivos-1-150x150.png 150w, https:\/\/factorial.es\/wp-content\/uploads\/2021\/05\/04085345\/calendario-festivos-1-160x160.png 160w, https:\/\/factorial.es\/wp-content\/uploads\/2021\/05\/04085345\/calendario-festivos-1.png 370w\" sizes=\"(max-width: 140px) 100vw, 140px\" \/><\/a><\/p>\n<p>&nbsp;<\/td>\n<td style=\"width: 32.7698%; text-align: center;\" bgcolor=\"9af16a\">\n<h2><strong><span style=\"color: #000000; font-size: 14pt;\"><a style=\"color: #000000;\" href=\"https:\/\/factorial.es\/blog\/elaborar-nominas-ejemplo-excel\/\">Modelo\u00a0de n\u00f3mina<\/a><\/span><\/strong><\/h2>\n<p><a href=\"https:\/\/factorial.es\/blog\/elaborar-nominas-ejemplo-excel\/\"><img decoding=\"async\" class=\"aligncenter wp-image-46786\" src=\"https:\/\/factorial.es\/wp-content\/uploads\/2021\/05\/04100034\/descargar-plantilla-excel-1-300x300.png\" alt=\"Descarga la plantilla del modelo denomina en excel\" width=\"140\" height=\"140\" srcset=\"https:\/\/factorial.es\/wp-content\/uploads\/2021\/05\/04100034\/descargar-plantilla-excel-1-300x300.png 300w, https:\/\/factorial.es\/wp-content\/uploads\/2021\/05\/04100034\/descargar-plantilla-excel-1-150x150.png 150w, https:\/\/factorial.es\/wp-content\/uploads\/2021\/05\/04100034\/descargar-plantilla-excel-1-160x160.png 160w, https:\/\/factorial.es\/wp-content\/uploads\/2021\/05\/04100034\/descargar-plantilla-excel-1.png 340w\" sizes=\"(max-width: 140px) 100vw, 140px\" \/><\/a><\/td>\n<\/tr>\n<\/tbody>\n<\/table>\n<p><strong>\u00bfNo quieres perder tu valioso tiempo en crear y customizar complejas tablas de Excel?<\/strong><\/p>\n<p>\u00a1Tambi\u00e9n tenemos la soluci\u00f3n! Reg\u00edstrate en Factorial, <a href=\"https:\/\/factorial.es\/get-started\">software online de Recursos Humanos<\/a>, y podr\u00e1s gestionar las ausencias y vacaciones de tus empleados o implementar un nuevo plan de retribuci\u00f3n flexible con un par de clics.<\/p>\n<p><span style=\"font-weight: 400;\"> \n <!--HubSpot Call-to-Action Code -->\n    <span class=\"hs-cta-wrapper\" id=\"hs-cta-wrapper-f5db37e1-9b35-49e6-a9d9-8802c9388090\">\n        <span class=\"hs-cta-node hs-cta-f5db37e1-9b35-49e6-a9d9-8802c9388090\" id=\"f5db37e1-9b35-49e6-a9d9-8802c9388090\">\n            <a href=\"https:\/\/cta-redirect.hubspot.com\/cta\/redirect\/4960096\/f5db37e1-9b35-49e6-a9d9-8802c9388090\">\n                <img decoding=\"async\" class=\"lazyload hs-cta-img\" id=\"hs-cta-img-f5db37e1-9b35-49e6-a9d9-8802c9388090\" style=\"border-width:0px;\" src=\"https:\/\/no-cache.hubspot.com\/cta\/default\/4960096\/f5db37e1-9b35-49e6-a9d9-8802c9388090.png\"  alt=\"Banner Software RRHH Factorial Time tracking\" width=\"900px\" height=\"308px\" \/>\n            <\/a>\n        <\/span>\n        <script type=\"text\/javascript\">\n            function loadCTA(){\n                window.hbspt.cta.load(4960096, 'f5db37e1-9b35-49e6-a9d9-8802c9388090', {'region': 'eu1'})\n            }\n            if(window.hbspt){\n                loadCTA()\n            }else{\n                Defer.js(\n                    'https:\/\/js.hubspot.com\/cta\/current.js',\n                    'hubspotCTA', \n                    0, \n                    loadCTA\n                );\n            }\n        <\/script>\n    <\/span>\n<!-- end HubSpot Call-to-Action Code -->\n<\/span><\/p>\n<p>Hasta podr\u00e1s almacenar todo tipo de documentos, como contratos y renovaciones e incluso enviar las n\u00f3minas a los empleados de manera autom\u00e1tica \u00a1o hacer un seguimiento de los candidatos que se apunten en tu propia p\u00e1gina de empresa!<\/p>\n<h3>\u00bfQuieres hacer nuestro curso de n\u00f3minas por correo electr\u00f3nico?<\/h3>\n<p>Es completamente gratuito, y con \u00e9l podr\u00e1s confeccionar una n\u00f3mina desde cero. \u00a1Registrate y s\u00e9 el mejor responsable de Recursos Humanos!<\/p>\n<p>\u2705<a href=\"https:\/\/factorial.es\/blog\/curso-nominas-seguros-sociales-recursos-humanos\/\">Apuntarse al curso de n\u00f3minas online<\/a><\/p>\n<p><span style=\"font-weight: 400;\"> \n <!--HubSpot Call-to-Action Code -->\n    <span class=\"hs-cta-wrapper\" id=\"hs-cta-wrapper-ddf7b396-ab24-41f2-82d7-0df07d8d0d5b\">\n        <span class=\"hs-cta-node hs-cta-ddf7b396-ab24-41f2-82d7-0df07d8d0d5b\" id=\"ddf7b396-ab24-41f2-82d7-0df07d8d0d5b\">\n            <a href=\"https:\/\/cta-redirect.hubspot.com\/cta\/redirect\/4960096\/ddf7b396-ab24-41f2-82d7-0df07d8d0d5b\">\n                <img decoding=\"async\" class=\"lazyload hs-cta-img\" id=\"hs-cta-img-ddf7b396-ab24-41f2-82d7-0df07d8d0d5b\" style=\"border-width:0px;\" src=\"https:\/\/no-cache.hubspot.com\/cta\/default\/4960096\/ddf7b396-ab24-41f2-82d7-0df07d8d0d5b.png\"  alt=\"Plantilla nomina\" width=\"900px\" height=\"308px\" \/>\n            <\/a>\n        <\/span>\n        <script type=\"text\/javascript\">\n            function loadCTA(){\n                window.hbspt.cta.load(4960096, 'ddf7b396-ab24-41f2-82d7-0df07d8d0d5b', {'region': 'eu1'})\n            }\n            if(window.hbspt){\n                loadCTA()\n            }else{\n                Defer.js(\n                    'https:\/\/js.hubspot.com\/cta\/current.js',\n                    'hubspotCTA', \n                    0, \n                    loadCTA\n                );\n            }\n        <\/script>\n    <\/span>\n<!-- end HubSpot Call-to-Action Code -->\n<\/span><\/p>\n","protected":false},"excerpt":{"rendered":"<p>Esta es nuestra secci\u00f3n dedicada a todo tipo de descargables que los profesionales de Recursos Humanos puedan necesitar. Aqu\u00ed encontrar\u00e1s todo tipo de recursos que puedas necesitar en la gesti\u00f3n de RR.HH. de tu empresa. Nuestro TOP plantillas incluye: \u2705Modelo de contrato de teletrabajo \u2705Plantilla de excel de recursos humanos gratis para gestionar las ausencias<a href=\"https:\/\/factorial.es\/blog\/plantillas-recursos-humanos\/\" class=\"read-more\"> [&#8230;]<\/a><\/p>\n","protected":false},"author":136,"featured_media":0,"parent":0,"menu_order":0,"comment_status":"closed","ping_status":"closed","template":"","meta":{"_acf_changed":false,"footnotes":""},"class_list":["post-2106","page","type-page","status-publish","hentry"],"acf":[],"yoast_head":"<!-- This site is optimized with the Yoast SEO Premium plugin v21.5 (Yoast SEO v21.9.1) - https:\/\/yoast.com\/wordpress\/plugins\/seo\/ -->\n<title>Plantillas y excels descargables para recursos humanos<\/title>\n<meta name=\"description\" content=\"Encuentra las plantillas y excels personalizables para el departamento de recursos humanos. Descargables gratuitos para gestionar vacaciones, n\u00f3minas, contratos y mucho m\u00e1s.\" \/>\n<meta name=\"robots\" content=\"index, follow, max-snippet:-1, max-image-preview:large, max-video-preview:-1\" \/>\n<link rel=\"canonical\" href=\"https:\/\/factorial.es\/blog\/plantillas-recursos-humanos\/\" \/>\n<meta property=\"og:locale\" content=\"es_ES\" \/>\n<meta property=\"og:type\" content=\"article\" \/>\n<meta property=\"og:title\" content=\"Plantillas para recursos humanos - Descargables\" \/>\n<meta property=\"og:description\" content=\"Encuentra las plantillas y excels personalizables para el departamento de recursos humanos. Descargables gratuitos para gestionar vacaciones, n\u00f3minas, contratos y mucho m\u00e1s.\" \/>\n<meta property=\"og:url\" content=\"https:\/\/factorial.es\/blog\/plantillas-recursos-humanos\/\" \/>\n<meta property=\"og:site_name\" content=\"Factorial\" \/>\n<meta property=\"article:publisher\" content=\"https:\/\/www.facebook.com\/people\/Factorial\/100064908455810\/\" \/>\n<meta property=\"article:modified_time\" content=\"2021-12-21T11:54:42+00:00\" \/>\n<meta property=\"og:image\" content=\"https:\/\/factorial.es\/wp-content\/uploads\/2018\/01\/18135908\/ebooks.png\" \/>\n<meta name=\"twitter:card\" content=\"summary_large_image\" \/>\n<meta name=\"twitter:site\" content=\"@factorialapp\" \/>\n<meta name=\"twitter:label1\" content=\"Est. reading time\" \/>\n\t<meta name=\"twitter:data1\" content=\"2 minutes\" \/>\n<script type=\"application\/ld+json\" class=\"yoast-schema-graph\">{\"@context\":\"https:\/\/schema.org\",\"@graph\":[{\"@type\":\"WebPage\",\"@id\":\"https:\/\/factorial.es\/blog\/plantillas-recursos-humanos\/\",\"url\":\"https:\/\/factorial.es\/blog\/plantillas-recursos-humanos\/\",\"name\":\"Plantillas y excels descargables para recursos humanos\",\"isPartOf\":{\"@id\":\"https:\/\/factorial.es\/blog\/#website\"},\"datePublished\":\"2018-01-16T17:22:23+00:00\",\"dateModified\":\"2021-12-21T11:54:42+00:00\",\"description\":\"Encuentra las plantillas y excels personalizables para el departamento de recursos humanos. Descargables gratuitos para gestionar vacaciones, n\u00f3minas, contratos y mucho m\u00e1s.\",\"inLanguage\":\"es\",\"potentialAction\":[{\"@type\":\"ReadAction\",\"target\":[\"https:\/\/factorial.es\/blog\/plantillas-recursos-humanos\/\"]}]},{\"@type\":\"WebSite\",\"@id\":\"https:\/\/factorial.es\/blog\/#website\",\"url\":\"https:\/\/factorial.es\/blog\/\",\"name\":\"Factorial\",\"description\":\"\",\"publisher\":{\"@id\":\"https:\/\/factorial.es\/blog\/#organization\"},\"potentialAction\":[{\"@type\":\"SearchAction\",\"target\":{\"@type\":\"EntryPoint\",\"urlTemplate\":\"https:\/\/factorial.es\/blog\/?s={search_term_string}\"},\"query-input\":\"required name=search_term_string\"}],\"inLanguage\":\"es\"},{\"@type\":\"Organization\",\"@id\":\"https:\/\/factorial.es\/blog\/#organization\",\"name\":\"All-in-one business management software - Factorial\",\"url\":\"https:\/\/factorial.es\/blog\/\",\"logo\":{\"@type\":\"ImageObject\",\"inLanguage\":\"es\",\"@id\":\"https:\/\/factorial.es\/blog\/#\/schema\/logo\/image\/\",\"url\":\"https:\/\/factorial.es\/wp-content\/uploads\/2023\/07\/18155144\/factorial-logo.png\",\"contentUrl\":\"https:\/\/factorial.es\/wp-content\/uploads\/2023\/07\/18155144\/factorial-logo.png\",\"width\":946,\"height\":880,\"caption\":\"All-in-one business management software - Factorial\"},\"image\":{\"@id\":\"https:\/\/factorial.es\/blog\/#\/schema\/logo\/image\/\"},\"sameAs\":[\"https:\/\/www.facebook.com\/people\/Factorial\/100064908455810\/\",\"https:\/\/twitter.com\/factorialapp\",\"https:\/\/www.linkedin.com\/company\/factorialhr\",\"https:\/\/www.youtube.com\/@factorialmedia\",\"https:\/\/www.instagram.com\/factorial\/#\"]}]}<\/script>\n<!-- \/ Yoast SEO Premium plugin. -->","yoast_head_json":{"title":"Plantillas y excels descargables para recursos humanos","description":"Encuentra las plantillas y excels personalizables para el departamento de recursos humanos. Descargables gratuitos para gestionar vacaciones, n\u00f3minas, contratos y mucho m\u00e1s.","robots":{"index":"index","follow":"follow","max-snippet":"max-snippet:-1","max-image-preview":"max-image-preview:large","max-video-preview":"max-video-preview:-1"},"canonical":"https:\/\/factorial.es\/blog\/plantillas-recursos-humanos\/","og_locale":"es_ES","og_type":"article","og_title":"Plantillas para recursos humanos - Descargables","og_description":"Encuentra las plantillas y excels personalizables para el departamento de recursos humanos. Descargables gratuitos para gestionar vacaciones, n\u00f3minas, contratos y mucho m\u00e1s.","og_url":"https:\/\/factorial.es\/blog\/plantillas-recursos-humanos\/","og_site_name":"Factorial","article_publisher":"https:\/\/www.facebook.com\/people\/Factorial\/100064908455810\/","article_modified_time":"2021-12-21T11:54:42+00:00","og_image":[{"url":"https:\/\/factorial.es\/wp-content\/uploads\/2018\/01\/18135908\/ebooks.png"}],"twitter_card":"summary_large_image","twitter_site":"@factorialapp","twitter_misc":{"Est. reading time":"2 minutes"},"schema":{"@context":"https:\/\/schema.org","@graph":[{"@type":"WebPage","@id":"https:\/\/factorial.es\/blog\/plantillas-recursos-humanos\/","url":"https:\/\/factorial.es\/blog\/plantillas-recursos-humanos\/","name":"Plantillas y excels descargables para recursos humanos","isPartOf":{"@id":"https:\/\/factorial.es\/blog\/#website"},"datePublished":"2018-01-16T17:22:23+00:00","dateModified":"2021-12-21T11:54:42+00:00","description":"Encuentra las plantillas y excels personalizables para el departamento de recursos humanos. Descargables gratuitos para gestionar vacaciones, n\u00f3minas, contratos y mucho m\u00e1s.","inLanguage":"es","potentialAction":[{"@type":"ReadAction","target":["https:\/\/factorial.es\/blog\/plantillas-recursos-humanos\/"]}]},{"@type":"WebSite","@id":"https:\/\/factorial.es\/blog\/#website","url":"https:\/\/factorial.es\/blog\/","name":"Factorial","description":"","publisher":{"@id":"https:\/\/factorial.es\/blog\/#organization"},"potentialAction":[{"@type":"SearchAction","target":{"@type":"EntryPoint","urlTemplate":"https:\/\/factorial.es\/blog\/?s={search_term_string}"},"query-input":"required name=search_term_string"}],"inLanguage":"es"},{"@type":"Organization","@id":"https:\/\/factorial.es\/blog\/#organization","name":"All-in-one business management software - Factorial","url":"https:\/\/factorial.es\/blog\/","logo":{"@type":"ImageObject","inLanguage":"es","@id":"https:\/\/factorial.es\/blog\/#\/schema\/logo\/image\/","url":"https:\/\/factorial.es\/wp-content\/uploads\/2023\/07\/18155144\/factorial-logo.png","contentUrl":"https:\/\/factorial.es\/wp-content\/uploads\/2023\/07\/18155144\/factorial-logo.png","width":946,"height":880,"caption":"All-in-one business management software - Factorial"},"image":{"@id":"https:\/\/factorial.es\/blog\/#\/schema\/logo\/image\/"},"sameAs":["https:\/\/www.facebook.com\/people\/Factorial\/100064908455810\/","https:\/\/twitter.com\/factorialapp","https:\/\/www.linkedin.com\/company\/factorialhr","https:\/\/www.youtube.com\/@factorialmedia","https:\/\/www.instagram.com\/factorial\/#"]}]}},"_links":{"self":[{"href":"https:\/\/factorial.es\/blog\/wp-json\/wp\/v2\/pages\/2106"}],"collection":[{"href":"https:\/\/factorial.es\/blog\/wp-json\/wp\/v2\/pages"}],"about":[{"href":"https:\/\/factorial.es\/blog\/wp-json\/wp\/v2\/types\/page"}],"author":[{"embeddable":true,"href":"https:\/\/factorial.es\/blog\/wp-json\/wp\/v2\/users\/136"}],"replies":[{"embeddable":true,"href":"https:\/\/factorial.es\/blog\/wp-json\/wp\/v2\/comments?post=2106"}],"version-history":[{"count":122,"href":"https:\/\/factorial.es\/blog\/wp-json\/wp\/v2\/pages\/2106\/revisions"}],"predecessor-version":[{"id":63110,"href":"https:\/\/factorial.es\/blog\/wp-json\/wp\/v2\/pages\/2106\/revisions\/63110"}],"wp:attachment":[{"href":"https:\/\/factorial.es\/blog\/wp-json\/wp\/v2\/media?parent=2106"}],"curies":[{"name":"wp","href":"https:\/\/api.w.org\/{rel}","templated":true}]}}