{"id":2473,"date":"2018-01-29T16:14:54","date_gmt":"2018-01-29T14:14:54","guid":{"rendered":"https:\/\/factorialhr.com\/blog\/?page_id=2473"},"modified":"2025-01-10T21:25:16","modified_gmt":"2025-01-10T19:25:16","slug":"modelos-tipo-contrato-pdf-descargable","status":"publish","type":"page","link":"https:\/\/factorial.es\/blog\/modelos-tipo-contrato-pdf-descargable\/","title":{"rendered":"Modelos de contrato -pdf descargable"},"content":{"rendered":"<p>\u00a1Bienvenido a nuestra secci\u00f3n de contratos!<\/p>\n<p><img decoding=\"async\" class=\"alignnone wp-image-44410 size-medium\" src=\"https:\/\/factorial.es\/wp-content\/uploads\/2021\/04\/21175726\/Download_file-pdf-300x300.jpg\" alt=\"descarga plantillas calendarios festivos pdf\" width=\"300\" height=\"300\" srcset=\"https:\/\/factorial.es\/wp-content\/uploads\/2021\/04\/21175726\/Download_file-pdf-300x300.jpg 300w, https:\/\/factorial.es\/wp-content\/uploads\/2021\/04\/21175726\/Download_file-pdf-150x150.jpg 150w, https:\/\/factorial.es\/wp-content\/uploads\/2021\/04\/21175726\/Download_file-pdf-160x160.jpg 160w, https:\/\/factorial.es\/wp-content\/uploads\/2021\/04\/21175726\/Download_file-pdf.jpg 560w\" sizes=\"(max-width: 300px) 100vw, 300px\" \/><\/p>\n<p>&nbsp;<\/p>\n<p>Aqu\u00ed podr\u00e1s encontrar todo tipo de modelos de contrato para rellenarlos directamente y empezar a ampliar tu plantilla seg\u00fan tus necesidades.<\/p>\n<p>\u00bfYa conoces <a href=\"https:\/\/factorial.es\/blog\/contratos-trabajo-que-debes-saber\/\" target=\"_blank\" rel=\"noopener noreferrer\">todos los tipos de contratos<\/a> que existen? Recuerda que elegir el contrato correcto para cada ocasi\u00f3n es muy importante, y cada uno tiene sus especificaciones y caracter\u00edsticas. Por no hablar de los convenios colectivos&#8230; \u00a1S\u00ed, es un tema que puede resultar abrumador, por eso desde Factorial queremos pon\u00e9rtelo f\u00e1cil con nuestros art\u00edculos, descargables y nuestra nueva plataforma para ayudarte con la creaci\u00f3n de contratos online!<\/p>\n<h2>Modelos y tipos de de contrato<\/h2>\n<p>\u00a1Que no te asusten todas estas p\u00e1ginas! Solo debes rellenar las que hagan referencia al tipo de contrato que te interesa.<\/p>\n<p><a href=\"https:\/\/factorial.es\/blog\/que-es-contrato-indefinido-ejemplo-pdf\/\" target=\"_blank\" rel=\"noopener noreferrer\">Contrato indefinido<\/a><\/p>\n<p><a href=\"https:\/\/factorial.es\/blog\/contrato-temporal-que-es-modelo-descargable-pdf\/\" target=\"_blank\" rel=\"noopener noreferrer\">Contrato temporal<\/a><\/p>\n<p><a href=\"https:\/\/factorial.es\/wp-content\/uploads\/2018\/01\/06135102\/Formacion-aprendizaje.pdf\">Contrato para la formaci\u00f3n y el aprendizaje<\/a><\/p>\n<p>Si quieres m\u00e1s recursos \u00fatiles para la gesti\u00f3n de personal de una empresa, puedes\u00a0<a href=\"https:\/\/factorial.es\/blog\/plantillas-recursos-humanos\/\">volver a la P\u00e1gina de Descargas<\/a>. Sin embargo, si lo que quieres es una herramienta m\u00e1s completa que ayude a ahorrar tiempo a tu departamento de Recursos Humanos, necesitas nuestra herramienta. <a href=\"https:\/\/factorial.es\/gestor-documental\"><strong>Gestiona la informaci\u00f3n de todos tus empleados<\/strong><\/a> con el software de Factorial. \u00a1Ahora tienes un <strong>per\u00edodo de prueba gratuito de 14 d\u00edas<\/strong>!<\/p>\n<p><a href=\"https:\/\/factorial.es\/rrhh-software\"><img decoding=\"async\" class=\"aligncenter wp-image-9320 size-full\" src=\"https:\/\/factorial.es\/wp-content\/uploads\/2019\/12\/05123654\/factorial-programa-recursos-humanos.png\" alt=\"rrhh-software\" width=\"728\" height=\"90\" \/><\/a><\/p>\n<p>&nbsp;<\/p>\n","protected":false},"excerpt":{"rendered":"<p>\u00a1Bienvenido a nuestra secci\u00f3n de contratos! &nbsp; Aqu\u00ed podr\u00e1s encontrar todo tipo de modelos de contrato para rellenarlos directamente y empezar a ampliar tu plantilla seg\u00fan tus necesidades. \u00bfYa conoces todos los tipos de contratos que existen? Recuerda que elegir el contrato correcto para cada ocasi\u00f3n es muy importante, y cada uno tiene sus especificaciones<a href=\"https:\/\/factorial.es\/blog\/modelos-tipo-contrato-pdf-descargable\/\" class=\"read-more\"> [&#8230;]<\/a><\/p>\n","protected":false},"author":136,"featured_media":0,"parent":0,"menu_order":0,"comment_status":"closed","ping_status":"closed","template":"","meta":{"_acf_changed":false,"footnotes":""},"class_list":["post-2473","page","type-page","status-publish","hentry"],"acf":[],"yoast_head":"<!-- This site is optimized with the Yoast SEO Premium plugin v21.5 (Yoast SEO v21.9.1) - https:\/\/yoast.com\/wordpress\/plugins\/seo\/ -->\n<title>Modelos y tipos de contratos - descargables en pdf<\/title>\n<meta name=\"description\" content=\"\u00bfTu empresa est\u00e1 creciendo y necesitas un contrato espec\u00edfico? Aqu\u00ed podr\u00e1s encontrar ejemplos y modelos para todo tipo de contratos.\" \/>\n<meta name=\"robots\" content=\"index, follow, max-snippet:-1, max-image-preview:large, max-video-preview:-1\" \/>\n<link rel=\"canonical\" href=\"https:\/\/factorial.es\/blog\/modelos-tipo-contrato-pdf-descargable\/\" \/>\n<meta property=\"og:locale\" content=\"es_ES\" \/>\n<meta property=\"og:type\" content=\"article\" \/>\n<meta property=\"og:title\" content=\"Modelos de contrato -pdf descargable\" \/>\n<meta property=\"og:description\" content=\"\u00bfTu empresa est\u00e1 creciendo y necesitas un contrato espec\u00edfico? Aqu\u00ed podr\u00e1s encontrar ejemplos y modelos para todo tipo de contratos.\" \/>\n<meta property=\"og:url\" content=\"https:\/\/factorial.es\/blog\/modelos-tipo-contrato-pdf-descargable\/\" \/>\n<meta property=\"og:site_name\" content=\"Factorial\" \/>\n<meta property=\"article:publisher\" content=\"https:\/\/www.facebook.com\/people\/Factorial\/100064908455810\/\" \/>\n<meta property=\"article:modified_time\" content=\"2025-01-10T19:25:16+00:00\" \/>\n<meta property=\"og:image\" content=\"https:\/\/factorial.es\/wp-content\/uploads\/2021\/04\/Download_file-pdf-300x300.jpg\" \/>\n<meta name=\"twitter:card\" content=\"summary_large_image\" \/>\n<meta name=\"twitter:site\" content=\"@factorialapp\" \/>\n<meta name=\"twitter:label1\" content=\"Est. reading time\" \/>\n\t<meta name=\"twitter:data1\" content=\"2 minutes\" \/>\n<script type=\"application\/ld+json\" class=\"yoast-schema-graph\">{\"@context\":\"https:\/\/schema.org\",\"@graph\":[{\"@type\":\"WebPage\",\"@id\":\"https:\/\/factorial.es\/blog\/modelos-tipo-contrato-pdf-descargable\/\",\"url\":\"https:\/\/factorial.es\/blog\/modelos-tipo-contrato-pdf-descargable\/\",\"name\":\"Modelos y tipos de contratos - descargables en pdf\",\"isPartOf\":{\"@id\":\"https:\/\/factorial.es\/blog\/#website\"},\"datePublished\":\"2018-01-29T14:14:54+00:00\",\"dateModified\":\"2025-01-10T19:25:16+00:00\",\"description\":\"\u00bfTu empresa est\u00e1 creciendo y necesitas un contrato espec\u00edfico? Aqu\u00ed podr\u00e1s encontrar ejemplos y modelos para todo tipo de contratos.\",\"inLanguage\":\"es\",\"potentialAction\":[{\"@type\":\"ReadAction\",\"target\":[\"https:\/\/factorial.es\/blog\/modelos-tipo-contrato-pdf-descargable\/\"]}]},{\"@type\":\"WebSite\",\"@id\":\"https:\/\/factorial.es\/blog\/#website\",\"url\":\"https:\/\/factorial.es\/blog\/\",\"name\":\"Factorial\",\"description\":\"\",\"publisher\":{\"@id\":\"https:\/\/factorial.es\/blog\/#organization\"},\"potentialAction\":[{\"@type\":\"SearchAction\",\"target\":{\"@type\":\"EntryPoint\",\"urlTemplate\":\"https:\/\/factorial.es\/blog\/?s={search_term_string}\"},\"query-input\":\"required name=search_term_string\"}],\"inLanguage\":\"es\"},{\"@type\":\"Organization\",\"@id\":\"https:\/\/factorial.es\/blog\/#organization\",\"name\":\"All-in-one business management software - Factorial\",\"url\":\"https:\/\/factorial.es\/blog\/\",\"logo\":{\"@type\":\"ImageObject\",\"inLanguage\":\"es\",\"@id\":\"https:\/\/factorial.es\/blog\/#\/schema\/logo\/image\/\",\"url\":\"https:\/\/factorial.es\/wp-content\/uploads\/2023\/07\/18155144\/factorial-logo.png\",\"contentUrl\":\"https:\/\/factorial.es\/wp-content\/uploads\/2023\/07\/18155144\/factorial-logo.png\",\"width\":946,\"height\":880,\"caption\":\"All-in-one business management software - Factorial\"},\"image\":{\"@id\":\"https:\/\/factorial.es\/blog\/#\/schema\/logo\/image\/\"},\"sameAs\":[\"https:\/\/www.facebook.com\/people\/Factorial\/100064908455810\/\",\"https:\/\/twitter.com\/factorialapp\",\"https:\/\/www.linkedin.com\/company\/factorialhr\",\"https:\/\/www.youtube.com\/@factorialmedia\",\"https:\/\/www.instagram.com\/factorial\/#\"]}]}<\/script>\n<!-- \/ Yoast SEO Premium plugin. -->","yoast_head_json":{"title":"Modelos y tipos de contratos - descargables en pdf","description":"\u00bfTu empresa est\u00e1 creciendo y necesitas un contrato espec\u00edfico? Aqu\u00ed podr\u00e1s encontrar ejemplos y modelos para todo tipo de contratos.","robots":{"index":"index","follow":"follow","max-snippet":"max-snippet:-1","max-image-preview":"max-image-preview:large","max-video-preview":"max-video-preview:-1"},"canonical":"https:\/\/factorial.es\/blog\/modelos-tipo-contrato-pdf-descargable\/","og_locale":"es_ES","og_type":"article","og_title":"Modelos de contrato -pdf descargable","og_description":"\u00bfTu empresa est\u00e1 creciendo y necesitas un contrato espec\u00edfico? Aqu\u00ed podr\u00e1s encontrar ejemplos y modelos para todo tipo de contratos.","og_url":"https:\/\/factorial.es\/blog\/modelos-tipo-contrato-pdf-descargable\/","og_site_name":"Factorial","article_publisher":"https:\/\/www.facebook.com\/people\/Factorial\/100064908455810\/","article_modified_time":"2025-01-10T19:25:16+00:00","og_image":[{"url":"https:\/\/factorial.es\/wp-content\/uploads\/2021\/04\/Download_file-pdf-300x300.jpg"}],"twitter_card":"summary_large_image","twitter_site":"@factorialapp","twitter_misc":{"Est. reading time":"2 minutes"},"schema":{"@context":"https:\/\/schema.org","@graph":[{"@type":"WebPage","@id":"https:\/\/factorial.es\/blog\/modelos-tipo-contrato-pdf-descargable\/","url":"https:\/\/factorial.es\/blog\/modelos-tipo-contrato-pdf-descargable\/","name":"Modelos y tipos de contratos - descargables en pdf","isPartOf":{"@id":"https:\/\/factorial.es\/blog\/#website"},"datePublished":"2018-01-29T14:14:54+00:00","dateModified":"2025-01-10T19:25:16+00:00","description":"\u00bfTu empresa est\u00e1 creciendo y necesitas un contrato espec\u00edfico? Aqu\u00ed podr\u00e1s encontrar ejemplos y modelos para todo tipo de contratos.","inLanguage":"es","potentialAction":[{"@type":"ReadAction","target":["https:\/\/factorial.es\/blog\/modelos-tipo-contrato-pdf-descargable\/"]}]},{"@type":"WebSite","@id":"https:\/\/factorial.es\/blog\/#website","url":"https:\/\/factorial.es\/blog\/","name":"Factorial","description":"","publisher":{"@id":"https:\/\/factorial.es\/blog\/#organization"},"potentialAction":[{"@type":"SearchAction","target":{"@type":"EntryPoint","urlTemplate":"https:\/\/factorial.es\/blog\/?s={search_term_string}"},"query-input":"required name=search_term_string"}],"inLanguage":"es"},{"@type":"Organization","@id":"https:\/\/factorial.es\/blog\/#organization","name":"All-in-one business management software - Factorial","url":"https:\/\/factorial.es\/blog\/","logo":{"@type":"ImageObject","inLanguage":"es","@id":"https:\/\/factorial.es\/blog\/#\/schema\/logo\/image\/","url":"https:\/\/factorial.es\/wp-content\/uploads\/2023\/07\/18155144\/factorial-logo.png","contentUrl":"https:\/\/factorial.es\/wp-content\/uploads\/2023\/07\/18155144\/factorial-logo.png","width":946,"height":880,"caption":"All-in-one business management software - Factorial"},"image":{"@id":"https:\/\/factorial.es\/blog\/#\/schema\/logo\/image\/"},"sameAs":["https:\/\/www.facebook.com\/people\/Factorial\/100064908455810\/","https:\/\/twitter.com\/factorialapp","https:\/\/www.linkedin.com\/company\/factorialhr","https:\/\/www.youtube.com\/@factorialmedia","https:\/\/www.instagram.com\/factorial\/#"]}]}},"_links":{"self":[{"href":"https:\/\/factorial.es\/blog\/wp-json\/wp\/v2\/pages\/2473"}],"collection":[{"href":"https:\/\/factorial.es\/blog\/wp-json\/wp\/v2\/pages"}],"about":[{"href":"https:\/\/factorial.es\/blog\/wp-json\/wp\/v2\/types\/page"}],"author":[{"embeddable":true,"href":"https:\/\/factorial.es\/blog\/wp-json\/wp\/v2\/users\/136"}],"replies":[{"embeddable":true,"href":"https:\/\/factorial.es\/blog\/wp-json\/wp\/v2\/comments?post=2473"}],"version-history":[{"count":18,"href":"https:\/\/factorial.es\/blog\/wp-json\/wp\/v2\/pages\/2473\/revisions"}],"predecessor-version":[{"id":149077,"href":"https:\/\/factorial.es\/blog\/wp-json\/wp\/v2\/pages\/2473\/revisions\/149077"}],"wp:attachment":[{"href":"https:\/\/factorial.es\/blog\/wp-json\/wp\/v2\/media?parent=2473"}],"curies":[{"name":"wp","href":"https:\/\/api.w.org\/{rel}","templated":true}]}}